{"id":836,"date":"2023-07-20T19:03:19","date_gmt":"2023-07-20T19:03:19","guid":{"rendered":"https:\/\/holundarm.hu\/wordpress\/?post_type=product&#038;p=836"},"modified":"2025-01-13T07:54:47","modified_gmt":"2025-01-13T07:54:47","slug":"komeny-orolt","status":"publish","type":"product","link":"https:\/\/holundarm.hu\/wordpress\/termek\/komeny-orolt\/","title":{"rendered":"K\u00f6m\u00e9ny &#8211; \u0151r\u00f6lt"},"content":{"rendered":"","protected":false},"excerpt":{"rendered":"<p>Igen sokoldal\u00fa f\u0171szern\u00f6v\u00e9ny\u00fcnk. Kolb\u00e1szok \u00e9s sz\u00e1mos m\u00e1s \u00e9tel\u00fcnk \u00edzes\u00edt\u00e9s\u00e9hez haszn\u00e1ljuk.<\/p>\n","protected":false},"featured_media":756,"template":"","meta":{"_et_pb_use_builder":"","_et_pb_old_content":"","_et_gb_content_width":""},"product_cat":[74],"product_tag":[],"yoast_head":"<!-- This site is optimized with the Yoast SEO plugin v23.1 - https:\/\/yoast.com\/wordpress\/plugins\/seo\/ -->\n<title>K\u00f6m\u00e9ny - \u0151r\u00f6lt - Holundarm Kft.<\/title>\n<meta name=\"robots\" content=\"index, follow, max-snippet:-1, max-image-preview:large, max-video-preview:-1\" \/>\n<link rel=\"canonical\" href=\"https:\/\/holundarm.hu\/wordpress\/termek\/komeny-orolt\/\" \/>\n<meta property=\"og:locale\" content=\"hu_HU\" \/>\n<meta property=\"og:type\" content=\"article\" \/>\n<meta property=\"og:title\" content=\"K\u00f6m\u00e9ny - \u0151r\u00f6lt - Holundarm Kft.\" \/>\n<meta property=\"og:description\" content=\"Igen sokoldal\u00fa f\u0171szern\u00f6v\u00e9ny\u00fcnk. Kolb\u00e1szok \u00e9s sz\u00e1mos m\u00e1s \u00e9tel\u00fcnk \u00edzes\u00edt\u00e9s\u00e9hez haszn\u00e1ljuk.\" \/>\n<meta property=\"og:url\" content=\"https:\/\/holundarm.hu\/wordpress\/termek\/komeny-orolt\/\" \/>\n<meta property=\"og:site_name\" content=\"Holundarm Kft.\" \/>\n<meta property=\"article:publisher\" content=\"https:\/\/www.facebook.com\/pages\/Holundarm-Kft\/509685135776120\" \/>\n<meta property=\"article:modified_time\" content=\"2025-01-13T07:54:47+00:00\" \/>\n<meta property=\"og:image\" content=\"https:\/\/holundarm.hu\/wordpress\/wp-content\/uploads\/2023\/07\/Komeny-orolt-scaled.jpg\" \/>\n\t<meta property=\"og:image:width\" content=\"2560\" \/>\n\t<meta property=\"og:image:height\" content=\"1920\" \/>\n\t<meta property=\"og:image:type\" content=\"image\/jpeg\" \/>\n<meta name=\"twitter:card\" content=\"summary_large_image\" \/>\n<script type=\"application\/ld+json\" class=\"yoast-schema-graph\">{\"@context\":\"https:\/\/schema.org\",\"@graph\":[{\"@type\":\"WebPage\",\"@id\":\"https:\/\/holundarm.hu\/wordpress\/termek\/komeny-orolt\/\",\"url\":\"https:\/\/holundarm.hu\/wordpress\/termek\/komeny-orolt\/\",\"name\":\"K\u00f6m\u00e9ny - \u0151r\u00f6lt - Holundarm Kft.\",\"isPartOf\":{\"@id\":\"https:\/\/holundarm.hu\/wordpress\/#website\"},\"primaryImageOfPage\":{\"@id\":\"https:\/\/holundarm.hu\/wordpress\/termek\/komeny-orolt\/#primaryimage\"},\"image\":{\"@id\":\"https:\/\/holundarm.hu\/wordpress\/termek\/komeny-orolt\/#primaryimage\"},\"thumbnailUrl\":\"https:\/\/holundarm.hu\/wordpress\/wp-content\/uploads\/2023\/07\/Komeny-orolt-scaled.jpg\",\"datePublished\":\"2023-07-20T19:03:19+00:00\",\"dateModified\":\"2025-01-13T07:54:47+00:00\",\"breadcrumb\":{\"@id\":\"https:\/\/holundarm.hu\/wordpress\/termek\/komeny-orolt\/#breadcrumb\"},\"inLanguage\":\"hu\",\"potentialAction\":[{\"@type\":\"ReadAction\",\"target\":[\"https:\/\/holundarm.hu\/wordpress\/termek\/komeny-orolt\/\"]}]},{\"@type\":\"ImageObject\",\"inLanguage\":\"hu\",\"@id\":\"https:\/\/holundarm.hu\/wordpress\/termek\/komeny-orolt\/#primaryimage\",\"url\":\"https:\/\/holundarm.hu\/wordpress\/wp-content\/uploads\/2023\/07\/Komeny-orolt-scaled.jpg\",\"contentUrl\":\"https:\/\/holundarm.hu\/wordpress\/wp-content\/uploads\/2023\/07\/Komeny-orolt-scaled.jpg\",\"width\":2560,\"height\":1920},{\"@type\":\"BreadcrumbList\",\"@id\":\"https:\/\/holundarm.hu\/wordpress\/termek\/komeny-orolt\/#breadcrumb\",\"itemListElement\":[{\"@type\":\"ListItem\",\"position\":1,\"name\":\"Home\",\"item\":\"https:\/\/holundarm.hu\/wordpress\/\"},{\"@type\":\"ListItem\",\"position\":2,\"name\":\"Term\u00e9kek\",\"item\":\"https:\/\/holundarm.hu\/wordpress\/uzlet\/\"},{\"@type\":\"ListItem\",\"position\":3,\"name\":\"K\u00f6m\u00e9ny &#8211; \u0151r\u00f6lt\"}]},{\"@type\":\"WebSite\",\"@id\":\"https:\/\/holundarm.hu\/wordpress\/#website\",\"url\":\"https:\/\/holundarm.hu\/wordpress\/\",\"name\":\"Holundarm Kft.\",\"description\":\"avagy a B\u00e9res b\u00e9lmanufakt\u00fara\",\"potentialAction\":[{\"@type\":\"SearchAction\",\"target\":{\"@type\":\"EntryPoint\",\"urlTemplate\":\"https:\/\/holundarm.hu\/wordpress\/?s={search_term_string}\"},\"query-input\":\"required name=search_term_string\"}],\"inLanguage\":\"hu\"}]}<\/script>\n<!-- \/ Yoast SEO plugin. -->","yoast_head_json":{"title":"K\u00f6m\u00e9ny - \u0151r\u00f6lt - Holundarm Kft.","robots":{"index":"index","follow":"follow","max-snippet":"max-snippet:-1","max-image-preview":"max-image-preview:large","max-video-preview":"max-video-preview:-1"},"canonical":"https:\/\/holundarm.hu\/wordpress\/termek\/komeny-orolt\/","og_locale":"hu_HU","og_type":"article","og_title":"K\u00f6m\u00e9ny - \u0151r\u00f6lt - Holundarm Kft.","og_description":"Igen sokoldal\u00fa f\u0171szern\u00f6v\u00e9ny\u00fcnk. Kolb\u00e1szok \u00e9s sz\u00e1mos m\u00e1s \u00e9tel\u00fcnk \u00edzes\u00edt\u00e9s\u00e9hez haszn\u00e1ljuk.","og_url":"https:\/\/holundarm.hu\/wordpress\/termek\/komeny-orolt\/","og_site_name":"Holundarm Kft.","article_publisher":"https:\/\/www.facebook.com\/pages\/Holundarm-Kft\/509685135776120","article_modified_time":"2025-01-13T07:54:47+00:00","og_image":[{"width":2560,"height":1920,"url":"https:\/\/holundarm.hu\/wordpress\/wp-content\/uploads\/2023\/07\/Komeny-orolt-scaled.jpg","type":"image\/jpeg"}],"twitter_card":"summary_large_image","schema":{"@context":"https:\/\/schema.org","@graph":[{"@type":"WebPage","@id":"https:\/\/holundarm.hu\/wordpress\/termek\/komeny-orolt\/","url":"https:\/\/holundarm.hu\/wordpress\/termek\/komeny-orolt\/","name":"K\u00f6m\u00e9ny - \u0151r\u00f6lt - Holundarm Kft.","isPartOf":{"@id":"https:\/\/holundarm.hu\/wordpress\/#website"},"primaryImageOfPage":{"@id":"https:\/\/holundarm.hu\/wordpress\/termek\/komeny-orolt\/#primaryimage"},"image":{"@id":"https:\/\/holundarm.hu\/wordpress\/termek\/komeny-orolt\/#primaryimage"},"thumbnailUrl":"https:\/\/holundarm.hu\/wordpress\/wp-content\/uploads\/2023\/07\/Komeny-orolt-scaled.jpg","datePublished":"2023-07-20T19:03:19+00:00","dateModified":"2025-01-13T07:54:47+00:00","breadcrumb":{"@id":"https:\/\/holundarm.hu\/wordpress\/termek\/komeny-orolt\/#breadcrumb"},"inLanguage":"hu","potentialAction":[{"@type":"ReadAction","target":["https:\/\/holundarm.hu\/wordpress\/termek\/komeny-orolt\/"]}]},{"@type":"ImageObject","inLanguage":"hu","@id":"https:\/\/holundarm.hu\/wordpress\/termek\/komeny-orolt\/#primaryimage","url":"https:\/\/holundarm.hu\/wordpress\/wp-content\/uploads\/2023\/07\/Komeny-orolt-scaled.jpg","contentUrl":"https:\/\/holundarm.hu\/wordpress\/wp-content\/uploads\/2023\/07\/Komeny-orolt-scaled.jpg","width":2560,"height":1920},{"@type":"BreadcrumbList","@id":"https:\/\/holundarm.hu\/wordpress\/termek\/komeny-orolt\/#breadcrumb","itemListElement":[{"@type":"ListItem","position":1,"name":"Home","item":"https:\/\/holundarm.hu\/wordpress\/"},{"@type":"ListItem","position":2,"name":"Term\u00e9kek","item":"https:\/\/holundarm.hu\/wordpress\/uzlet\/"},{"@type":"ListItem","position":3,"name":"K\u00f6m\u00e9ny &#8211; \u0151r\u00f6lt"}]},{"@type":"WebSite","@id":"https:\/\/holundarm.hu\/wordpress\/#website","url":"https:\/\/holundarm.hu\/wordpress\/","name":"Holundarm Kft.","description":"avagy a B\u00e9res b\u00e9lmanufakt\u00fara","potentialAction":[{"@type":"SearchAction","target":{"@type":"EntryPoint","urlTemplate":"https:\/\/holundarm.hu\/wordpress\/?s={search_term_string}"},"query-input":"required name=search_term_string"}],"inLanguage":"hu"}]}},"jetpack_sharing_enabled":true,"_links":{"self":[{"href":"https:\/\/holundarm.hu\/wordpress\/wp-json\/wp\/v2\/product\/836"}],"collection":[{"href":"https:\/\/holundarm.hu\/wordpress\/wp-json\/wp\/v2\/product"}],"about":[{"href":"https:\/\/holundarm.hu\/wordpress\/wp-json\/wp\/v2\/types\/product"}],"wp:featuredmedia":[{"embeddable":true,"href":"https:\/\/holundarm.hu\/wordpress\/wp-json\/wp\/v2\/media\/756"}],"wp:attachment":[{"href":"https:\/\/holundarm.hu\/wordpress\/wp-json\/wp\/v2\/media?parent=836"}],"wp:term":[{"taxonomy":"product_cat","embeddable":true,"href":"https:\/\/holundarm.hu\/wordpress\/wp-json\/wp\/v2\/product_cat?post=836"},{"taxonomy":"product_tag","embeddable":true,"href":"https:\/\/holundarm.hu\/wordpress\/wp-json\/wp\/v2\/product_tag?post=836"}],"curies":[{"name":"wp","href":"https:\/\/api.w.org\/{rel}","templated":true}]}}