{"id":851,"date":"2023-07-20T19:16:21","date_gmt":"2023-07-20T19:16:21","guid":{"rendered":"https:\/\/holundarm.hu\/wordpress\/?post_type=product&#038;p=851"},"modified":"2025-01-13T07:50:59","modified_gmt":"2025-01-13T07:50:59","slug":"fokhagyma-granulatum","status":"publish","type":"product","link":"https:\/\/holundarm.hu\/wordpress\/termek\/fokhagyma-granulatum\/","title":{"rendered":"Fokhagyma granul\u00e1tum"},"content":{"rendered":"","protected":false},"excerpt":{"rendered":"<p>A bors \u00e9s a paprika ut\u00e1n tal\u00e1n a harmadik leggyakrabban haszn\u00e1lt f\u0171szer\u00fcnk. N\u00e1lunk megtal\u00e1lja poralakban, granul\u00e1tumk\u00e9nt, illetve sz\u00e1r\u00edtott szeletelt form\u00e1ban is.<\/p>\n","protected":false},"featured_media":749,"template":"","meta":{"_et_pb_use_builder":"","_et_pb_old_content":"","_et_gb_content_width":""},"product_cat":[74],"product_tag":[],"yoast_head":"<!-- This site is optimized with the Yoast SEO plugin v23.1 - https:\/\/yoast.com\/wordpress\/plugins\/seo\/ -->\n<title>Fokhagyma granul\u00e1tum - Holundarm Kft.<\/title>\n<meta name=\"robots\" content=\"index, follow, max-snippet:-1, max-image-preview:large, max-video-preview:-1\" \/>\n<link rel=\"canonical\" href=\"https:\/\/holundarm.hu\/wordpress\/termek\/fokhagyma-granulatum\/\" \/>\n<meta property=\"og:locale\" content=\"hu_HU\" \/>\n<meta property=\"og:type\" content=\"article\" \/>\n<meta property=\"og:title\" content=\"Fokhagyma granul\u00e1tum - Holundarm Kft.\" \/>\n<meta property=\"og:description\" content=\"A bors \u00e9s a paprika ut\u00e1n tal\u00e1n a harmadik leggyakrabban haszn\u00e1lt f\u0171szer\u00fcnk. N\u00e1lunk megtal\u00e1lja poralakban, granul\u00e1tumk\u00e9nt, illetve sz\u00e1r\u00edtott szeletelt form\u00e1ban is.\" \/>\n<meta property=\"og:url\" content=\"https:\/\/holundarm.hu\/wordpress\/termek\/fokhagyma-granulatum\/\" \/>\n<meta property=\"og:site_name\" content=\"Holundarm Kft.\" \/>\n<meta property=\"article:publisher\" content=\"https:\/\/www.facebook.com\/pages\/Holundarm-Kft\/509685135776120\" \/>\n<meta property=\"article:modified_time\" content=\"2025-01-13T07:50:59+00:00\" \/>\n<meta property=\"og:image\" content=\"https:\/\/holundarm.hu\/wordpress\/wp-content\/uploads\/2023\/07\/Fokhagymagranulatum-scaled.jpg\" \/>\n\t<meta property=\"og:image:width\" content=\"2560\" \/>\n\t<meta property=\"og:image:height\" content=\"1920\" \/>\n\t<meta property=\"og:image:type\" content=\"image\/jpeg\" \/>\n<meta name=\"twitter:card\" content=\"summary_large_image\" \/>\n<script type=\"application\/ld+json\" class=\"yoast-schema-graph\">{\"@context\":\"https:\/\/schema.org\",\"@graph\":[{\"@type\":\"WebPage\",\"@id\":\"https:\/\/holundarm.hu\/wordpress\/termek\/fokhagyma-granulatum\/\",\"url\":\"https:\/\/holundarm.hu\/wordpress\/termek\/fokhagyma-granulatum\/\",\"name\":\"Fokhagyma granul\u00e1tum - Holundarm Kft.\",\"isPartOf\":{\"@id\":\"https:\/\/holundarm.hu\/wordpress\/#website\"},\"primaryImageOfPage\":{\"@id\":\"https:\/\/holundarm.hu\/wordpress\/termek\/fokhagyma-granulatum\/#primaryimage\"},\"image\":{\"@id\":\"https:\/\/holundarm.hu\/wordpress\/termek\/fokhagyma-granulatum\/#primaryimage\"},\"thumbnailUrl\":\"https:\/\/holundarm.hu\/wordpress\/wp-content\/uploads\/2023\/07\/Fokhagymagranulatum-scaled.jpg\",\"datePublished\":\"2023-07-20T19:16:21+00:00\",\"dateModified\":\"2025-01-13T07:50:59+00:00\",\"breadcrumb\":{\"@id\":\"https:\/\/holundarm.hu\/wordpress\/termek\/fokhagyma-granulatum\/#breadcrumb\"},\"inLanguage\":\"hu\",\"potentialAction\":[{\"@type\":\"ReadAction\",\"target\":[\"https:\/\/holundarm.hu\/wordpress\/termek\/fokhagyma-granulatum\/\"]}]},{\"@type\":\"ImageObject\",\"inLanguage\":\"hu\",\"@id\":\"https:\/\/holundarm.hu\/wordpress\/termek\/fokhagyma-granulatum\/#primaryimage\",\"url\":\"https:\/\/holundarm.hu\/wordpress\/wp-content\/uploads\/2023\/07\/Fokhagymagranulatum-scaled.jpg\",\"contentUrl\":\"https:\/\/holundarm.hu\/wordpress\/wp-content\/uploads\/2023\/07\/Fokhagymagranulatum-scaled.jpg\",\"width\":2560,\"height\":1920},{\"@type\":\"BreadcrumbList\",\"@id\":\"https:\/\/holundarm.hu\/wordpress\/termek\/fokhagyma-granulatum\/#breadcrumb\",\"itemListElement\":[{\"@type\":\"ListItem\",\"position\":1,\"name\":\"Home\",\"item\":\"https:\/\/holundarm.hu\/wordpress\/\"},{\"@type\":\"ListItem\",\"position\":2,\"name\":\"Term\u00e9kek\",\"item\":\"https:\/\/holundarm.hu\/wordpress\/uzlet\/\"},{\"@type\":\"ListItem\",\"position\":3,\"name\":\"Fokhagyma granul\u00e1tum\"}]},{\"@type\":\"WebSite\",\"@id\":\"https:\/\/holundarm.hu\/wordpress\/#website\",\"url\":\"https:\/\/holundarm.hu\/wordpress\/\",\"name\":\"Holundarm Kft.\",\"description\":\"avagy a B\u00e9res b\u00e9lmanufakt\u00fara\",\"potentialAction\":[{\"@type\":\"SearchAction\",\"target\":{\"@type\":\"EntryPoint\",\"urlTemplate\":\"https:\/\/holundarm.hu\/wordpress\/?s={search_term_string}\"},\"query-input\":\"required name=search_term_string\"}],\"inLanguage\":\"hu\"}]}<\/script>\n<!-- \/ Yoast SEO plugin. -->","yoast_head_json":{"title":"Fokhagyma granul\u00e1tum - Holundarm Kft.","robots":{"index":"index","follow":"follow","max-snippet":"max-snippet:-1","max-image-preview":"max-image-preview:large","max-video-preview":"max-video-preview:-1"},"canonical":"https:\/\/holundarm.hu\/wordpress\/termek\/fokhagyma-granulatum\/","og_locale":"hu_HU","og_type":"article","og_title":"Fokhagyma granul\u00e1tum - Holundarm Kft.","og_description":"A bors \u00e9s a paprika ut\u00e1n tal\u00e1n a harmadik leggyakrabban haszn\u00e1lt f\u0171szer\u00fcnk. N\u00e1lunk megtal\u00e1lja poralakban, granul\u00e1tumk\u00e9nt, illetve sz\u00e1r\u00edtott szeletelt form\u00e1ban is.","og_url":"https:\/\/holundarm.hu\/wordpress\/termek\/fokhagyma-granulatum\/","og_site_name":"Holundarm Kft.","article_publisher":"https:\/\/www.facebook.com\/pages\/Holundarm-Kft\/509685135776120","article_modified_time":"2025-01-13T07:50:59+00:00","og_image":[{"width":2560,"height":1920,"url":"https:\/\/holundarm.hu\/wordpress\/wp-content\/uploads\/2023\/07\/Fokhagymagranulatum-scaled.jpg","type":"image\/jpeg"}],"twitter_card":"summary_large_image","schema":{"@context":"https:\/\/schema.org","@graph":[{"@type":"WebPage","@id":"https:\/\/holundarm.hu\/wordpress\/termek\/fokhagyma-granulatum\/","url":"https:\/\/holundarm.hu\/wordpress\/termek\/fokhagyma-granulatum\/","name":"Fokhagyma granul\u00e1tum - Holundarm Kft.","isPartOf":{"@id":"https:\/\/holundarm.hu\/wordpress\/#website"},"primaryImageOfPage":{"@id":"https:\/\/holundarm.hu\/wordpress\/termek\/fokhagyma-granulatum\/#primaryimage"},"image":{"@id":"https:\/\/holundarm.hu\/wordpress\/termek\/fokhagyma-granulatum\/#primaryimage"},"thumbnailUrl":"https:\/\/holundarm.hu\/wordpress\/wp-content\/uploads\/2023\/07\/Fokhagymagranulatum-scaled.jpg","datePublished":"2023-07-20T19:16:21+00:00","dateModified":"2025-01-13T07:50:59+00:00","breadcrumb":{"@id":"https:\/\/holundarm.hu\/wordpress\/termek\/fokhagyma-granulatum\/#breadcrumb"},"inLanguage":"hu","potentialAction":[{"@type":"ReadAction","target":["https:\/\/holundarm.hu\/wordpress\/termek\/fokhagyma-granulatum\/"]}]},{"@type":"ImageObject","inLanguage":"hu","@id":"https:\/\/holundarm.hu\/wordpress\/termek\/fokhagyma-granulatum\/#primaryimage","url":"https:\/\/holundarm.hu\/wordpress\/wp-content\/uploads\/2023\/07\/Fokhagymagranulatum-scaled.jpg","contentUrl":"https:\/\/holundarm.hu\/wordpress\/wp-content\/uploads\/2023\/07\/Fokhagymagranulatum-scaled.jpg","width":2560,"height":1920},{"@type":"BreadcrumbList","@id":"https:\/\/holundarm.hu\/wordpress\/termek\/fokhagyma-granulatum\/#breadcrumb","itemListElement":[{"@type":"ListItem","position":1,"name":"Home","item":"https:\/\/holundarm.hu\/wordpress\/"},{"@type":"ListItem","position":2,"name":"Term\u00e9kek","item":"https:\/\/holundarm.hu\/wordpress\/uzlet\/"},{"@type":"ListItem","position":3,"name":"Fokhagyma granul\u00e1tum"}]},{"@type":"WebSite","@id":"https:\/\/holundarm.hu\/wordpress\/#website","url":"https:\/\/holundarm.hu\/wordpress\/","name":"Holundarm Kft.","description":"avagy a B\u00e9res b\u00e9lmanufakt\u00fara","potentialAction":[{"@type":"SearchAction","target":{"@type":"EntryPoint","urlTemplate":"https:\/\/holundarm.hu\/wordpress\/?s={search_term_string}"},"query-input":"required name=search_term_string"}],"inLanguage":"hu"}]}},"jetpack_sharing_enabled":true,"_links":{"self":[{"href":"https:\/\/holundarm.hu\/wordpress\/wp-json\/wp\/v2\/product\/851"}],"collection":[{"href":"https:\/\/holundarm.hu\/wordpress\/wp-json\/wp\/v2\/product"}],"about":[{"href":"https:\/\/holundarm.hu\/wordpress\/wp-json\/wp\/v2\/types\/product"}],"wp:featuredmedia":[{"embeddable":true,"href":"https:\/\/holundarm.hu\/wordpress\/wp-json\/wp\/v2\/media\/749"}],"wp:attachment":[{"href":"https:\/\/holundarm.hu\/wordpress\/wp-json\/wp\/v2\/media?parent=851"}],"wp:term":[{"taxonomy":"product_cat","embeddable":true,"href":"https:\/\/holundarm.hu\/wordpress\/wp-json\/wp\/v2\/product_cat?post=851"},{"taxonomy":"product_tag","embeddable":true,"href":"https:\/\/holundarm.hu\/wordpress\/wp-json\/wp\/v2\/product_tag?post=851"}],"curies":[{"name":"wp","href":"https:\/\/api.w.org\/{rel}","templated":true}]}}