{"id":917,"date":"2023-07-22T11:51:59","date_gmt":"2023-07-22T11:51:59","guid":{"rendered":"https:\/\/holundarm.hu\/wordpress\/?post_type=product&#038;p=917"},"modified":"2023-11-23T14:20:09","modified_gmt":"2023-11-23T14:20:09","slug":"csontozokes-13-cm-ives","status":"publish","type":"product","link":"https:\/\/holundarm.hu\/wordpress\/termek\/csontozokes-13-cm-ives\/","title":{"rendered":"Csontoz\u00f3k\u00e9s &#8211; 13 cm, \u00edves"},"content":{"rendered":"","protected":false},"excerpt":{"rendered":"<p>A Frosts\u00ae k\u00e9sek, a Morakniv c\u00e9gen bel\u00fcl, az \u00e9lelmiszeripar sz\u00e1m\u00e1ra gy\u00e1rtott term\u00e9keket k\u00e9pviselik.<br \/>\nMinden egyes k\u00e9s Sv\u00e9dorsz\u00e1gban k\u00e9sz\u00fcl els\u0151 oszt\u00e1ly\u00fa sv\u00e9d ac\u00e9lb\u00f3l, ami szavatolja a pr\u00e9mium min\u0151s\u00e9get.<br \/>\nA Frosts\u00ae Unigrip k\u00e9sek \u00e9rdes, mikrokrist\u00e1lyos fel\u00fclet\u0171 ny\u00e9llel vannak ell\u00e1tva. Mind vizes, mind zs\u00edros k\u00f6rnyezetben j\u00f3l tapad, nem cs\u00faszik ki a k\u00e9zb\u0151l.<\/p>\n","protected":false},"featured_media":918,"template":"","meta":{"_et_pb_use_builder":"","_et_pb_old_content":"","_et_gb_content_width":""},"product_cat":[91,88,92],"product_tag":[],"yoast_head":"<!-- This site is optimized with the Yoast SEO plugin v23.1 - https:\/\/yoast.com\/wordpress\/plugins\/seo\/ -->\n<title>Csontoz\u00f3k\u00e9s - 13 cm, \u00edves - Holundarm Kft.<\/title>\n<meta name=\"description\" content=\"Min\u0151s\u00e9gi anyag\u00e1nak, \u00e9s \u00e9ltart\u00e1s\u00e1nak k\u00f6sz\u00f6nhet\u0151en, a sv\u00e9d Frosts k\u00e9sekkel \u00f6r\u00f6m a munka! www.holundarm.hu\/wordpress\/webshop\/\" \/>\n<meta name=\"robots\" content=\"index, follow, max-snippet:-1, max-image-preview:large, max-video-preview:-1\" \/>\n<link rel=\"canonical\" href=\"https:\/\/holundarm.hu\/wordpress\/termek\/csontozokes-13-cm-ives\/\" \/>\n<meta property=\"og:locale\" content=\"hu_HU\" \/>\n<meta property=\"og:type\" content=\"article\" \/>\n<meta property=\"og:title\" content=\"Csontoz\u00f3k\u00e9s - 13 cm, \u00edves - Holundarm Kft.\" \/>\n<meta property=\"og:description\" content=\"Min\u0151s\u00e9gi anyag\u00e1nak, \u00e9s \u00e9ltart\u00e1s\u00e1nak k\u00f6sz\u00f6nhet\u0151en, a sv\u00e9d Frosts k\u00e9sekkel \u00f6r\u00f6m a munka! www.holundarm.hu\/wordpress\/webshop\/\" \/>\n<meta property=\"og:url\" content=\"https:\/\/holundarm.hu\/wordpress\/termek\/csontozokes-13-cm-ives\/\" \/>\n<meta property=\"og:site_name\" content=\"Holundarm Kft.\" \/>\n<meta property=\"article:publisher\" content=\"https:\/\/www.facebook.com\/pages\/Holundarm-Kft\/509685135776120\" \/>\n<meta property=\"article:modified_time\" content=\"2023-11-23T14:20:09+00:00\" \/>\n<meta property=\"og:image\" content=\"https:\/\/holundarm.hu\/wordpress\/wp-content\/uploads\/2023\/07\/13-cm-es-ives-csontozokes-scaled.jpg\" \/>\n\t<meta property=\"og:image:width\" content=\"2560\" \/>\n\t<meta property=\"og:image:height\" content=\"1920\" \/>\n\t<meta property=\"og:image:type\" content=\"image\/jpeg\" \/>\n<meta name=\"twitter:card\" content=\"summary_large_image\" \/>\n<script type=\"application\/ld+json\" class=\"yoast-schema-graph\">{\"@context\":\"https:\/\/schema.org\",\"@graph\":[{\"@type\":\"WebPage\",\"@id\":\"https:\/\/holundarm.hu\/wordpress\/termek\/csontozokes-13-cm-ives\/\",\"url\":\"https:\/\/holundarm.hu\/wordpress\/termek\/csontozokes-13-cm-ives\/\",\"name\":\"Csontoz\u00f3k\u00e9s - 13 cm, \u00edves - Holundarm Kft.\",\"isPartOf\":{\"@id\":\"https:\/\/holundarm.hu\/wordpress\/#website\"},\"primaryImageOfPage\":{\"@id\":\"https:\/\/holundarm.hu\/wordpress\/termek\/csontozokes-13-cm-ives\/#primaryimage\"},\"image\":{\"@id\":\"https:\/\/holundarm.hu\/wordpress\/termek\/csontozokes-13-cm-ives\/#primaryimage\"},\"thumbnailUrl\":\"https:\/\/holundarm.hu\/wordpress\/wp-content\/uploads\/2023\/07\/13-cm-es-ives-csontozokes-scaled.jpg\",\"datePublished\":\"2023-07-22T11:51:59+00:00\",\"dateModified\":\"2023-11-23T14:20:09+00:00\",\"description\":\"Min\u0151s\u00e9gi anyag\u00e1nak, \u00e9s \u00e9ltart\u00e1s\u00e1nak k\u00f6sz\u00f6nhet\u0151en, a sv\u00e9d Frosts k\u00e9sekkel \u00f6r\u00f6m a munka! www.holundarm.hu\/wordpress\/webshop\/\",\"breadcrumb\":{\"@id\":\"https:\/\/holundarm.hu\/wordpress\/termek\/csontozokes-13-cm-ives\/#breadcrumb\"},\"inLanguage\":\"hu\",\"potentialAction\":[{\"@type\":\"ReadAction\",\"target\":[\"https:\/\/holundarm.hu\/wordpress\/termek\/csontozokes-13-cm-ives\/\"]}]},{\"@type\":\"ImageObject\",\"inLanguage\":\"hu\",\"@id\":\"https:\/\/holundarm.hu\/wordpress\/termek\/csontozokes-13-cm-ives\/#primaryimage\",\"url\":\"https:\/\/holundarm.hu\/wordpress\/wp-content\/uploads\/2023\/07\/13-cm-es-ives-csontozokes-scaled.jpg\",\"contentUrl\":\"https:\/\/holundarm.hu\/wordpress\/wp-content\/uploads\/2023\/07\/13-cm-es-ives-csontozokes-scaled.jpg\",\"width\":2560,\"height\":1920},{\"@type\":\"BreadcrumbList\",\"@id\":\"https:\/\/holundarm.hu\/wordpress\/termek\/csontozokes-13-cm-ives\/#breadcrumb\",\"itemListElement\":[{\"@type\":\"ListItem\",\"position\":1,\"name\":\"Home\",\"item\":\"https:\/\/holundarm.hu\/wordpress\/\"},{\"@type\":\"ListItem\",\"position\":2,\"name\":\"Term\u00e9kek\",\"item\":\"https:\/\/holundarm.hu\/wordpress\/uzlet\/\"},{\"@type\":\"ListItem\",\"position\":3,\"name\":\"Csontoz\u00f3k\u00e9s &#8211; 13 cm, \u00edves\"}]},{\"@type\":\"WebSite\",\"@id\":\"https:\/\/holundarm.hu\/wordpress\/#website\",\"url\":\"https:\/\/holundarm.hu\/wordpress\/\",\"name\":\"Holundarm Kft.\",\"description\":\"avagy a B\u00e9res b\u00e9lmanufakt\u00fara\",\"potentialAction\":[{\"@type\":\"SearchAction\",\"target\":{\"@type\":\"EntryPoint\",\"urlTemplate\":\"https:\/\/holundarm.hu\/wordpress\/?s={search_term_string}\"},\"query-input\":\"required name=search_term_string\"}],\"inLanguage\":\"hu\"}]}<\/script>\n<!-- \/ Yoast SEO plugin. -->","yoast_head_json":{"title":"Csontoz\u00f3k\u00e9s - 13 cm, \u00edves - Holundarm Kft.","description":"Min\u0151s\u00e9gi anyag\u00e1nak, \u00e9s \u00e9ltart\u00e1s\u00e1nak k\u00f6sz\u00f6nhet\u0151en, a sv\u00e9d Frosts k\u00e9sekkel \u00f6r\u00f6m a munka! www.holundarm.hu\/wordpress\/webshop\/","robots":{"index":"index","follow":"follow","max-snippet":"max-snippet:-1","max-image-preview":"max-image-preview:large","max-video-preview":"max-video-preview:-1"},"canonical":"https:\/\/holundarm.hu\/wordpress\/termek\/csontozokes-13-cm-ives\/","og_locale":"hu_HU","og_type":"article","og_title":"Csontoz\u00f3k\u00e9s - 13 cm, \u00edves - Holundarm Kft.","og_description":"Min\u0151s\u00e9gi anyag\u00e1nak, \u00e9s \u00e9ltart\u00e1s\u00e1nak k\u00f6sz\u00f6nhet\u0151en, a sv\u00e9d Frosts k\u00e9sekkel \u00f6r\u00f6m a munka! www.holundarm.hu\/wordpress\/webshop\/","og_url":"https:\/\/holundarm.hu\/wordpress\/termek\/csontozokes-13-cm-ives\/","og_site_name":"Holundarm Kft.","article_publisher":"https:\/\/www.facebook.com\/pages\/Holundarm-Kft\/509685135776120","article_modified_time":"2023-11-23T14:20:09+00:00","og_image":[{"width":2560,"height":1920,"url":"https:\/\/holundarm.hu\/wordpress\/wp-content\/uploads\/2023\/07\/13-cm-es-ives-csontozokes-scaled.jpg","type":"image\/jpeg"}],"twitter_card":"summary_large_image","schema":{"@context":"https:\/\/schema.org","@graph":[{"@type":"WebPage","@id":"https:\/\/holundarm.hu\/wordpress\/termek\/csontozokes-13-cm-ives\/","url":"https:\/\/holundarm.hu\/wordpress\/termek\/csontozokes-13-cm-ives\/","name":"Csontoz\u00f3k\u00e9s - 13 cm, \u00edves - Holundarm Kft.","isPartOf":{"@id":"https:\/\/holundarm.hu\/wordpress\/#website"},"primaryImageOfPage":{"@id":"https:\/\/holundarm.hu\/wordpress\/termek\/csontozokes-13-cm-ives\/#primaryimage"},"image":{"@id":"https:\/\/holundarm.hu\/wordpress\/termek\/csontozokes-13-cm-ives\/#primaryimage"},"thumbnailUrl":"https:\/\/holundarm.hu\/wordpress\/wp-content\/uploads\/2023\/07\/13-cm-es-ives-csontozokes-scaled.jpg","datePublished":"2023-07-22T11:51:59+00:00","dateModified":"2023-11-23T14:20:09+00:00","description":"Min\u0151s\u00e9gi anyag\u00e1nak, \u00e9s \u00e9ltart\u00e1s\u00e1nak k\u00f6sz\u00f6nhet\u0151en, a sv\u00e9d Frosts k\u00e9sekkel \u00f6r\u00f6m a munka! www.holundarm.hu\/wordpress\/webshop\/","breadcrumb":{"@id":"https:\/\/holundarm.hu\/wordpress\/termek\/csontozokes-13-cm-ives\/#breadcrumb"},"inLanguage":"hu","potentialAction":[{"@type":"ReadAction","target":["https:\/\/holundarm.hu\/wordpress\/termek\/csontozokes-13-cm-ives\/"]}]},{"@type":"ImageObject","inLanguage":"hu","@id":"https:\/\/holundarm.hu\/wordpress\/termek\/csontozokes-13-cm-ives\/#primaryimage","url":"https:\/\/holundarm.hu\/wordpress\/wp-content\/uploads\/2023\/07\/13-cm-es-ives-csontozokes-scaled.jpg","contentUrl":"https:\/\/holundarm.hu\/wordpress\/wp-content\/uploads\/2023\/07\/13-cm-es-ives-csontozokes-scaled.jpg","width":2560,"height":1920},{"@type":"BreadcrumbList","@id":"https:\/\/holundarm.hu\/wordpress\/termek\/csontozokes-13-cm-ives\/#breadcrumb","itemListElement":[{"@type":"ListItem","position":1,"name":"Home","item":"https:\/\/holundarm.hu\/wordpress\/"},{"@type":"ListItem","position":2,"name":"Term\u00e9kek","item":"https:\/\/holundarm.hu\/wordpress\/uzlet\/"},{"@type":"ListItem","position":3,"name":"Csontoz\u00f3k\u00e9s &#8211; 13 cm, \u00edves"}]},{"@type":"WebSite","@id":"https:\/\/holundarm.hu\/wordpress\/#website","url":"https:\/\/holundarm.hu\/wordpress\/","name":"Holundarm Kft.","description":"avagy a B\u00e9res b\u00e9lmanufakt\u00fara","potentialAction":[{"@type":"SearchAction","target":{"@type":"EntryPoint","urlTemplate":"https:\/\/holundarm.hu\/wordpress\/?s={search_term_string}"},"query-input":"required name=search_term_string"}],"inLanguage":"hu"}]}},"jetpack_sharing_enabled":true,"_links":{"self":[{"href":"https:\/\/holundarm.hu\/wordpress\/wp-json\/wp\/v2\/product\/917"}],"collection":[{"href":"https:\/\/holundarm.hu\/wordpress\/wp-json\/wp\/v2\/product"}],"about":[{"href":"https:\/\/holundarm.hu\/wordpress\/wp-json\/wp\/v2\/types\/product"}],"wp:featuredmedia":[{"embeddable":true,"href":"https:\/\/holundarm.hu\/wordpress\/wp-json\/wp\/v2\/media\/918"}],"wp:attachment":[{"href":"https:\/\/holundarm.hu\/wordpress\/wp-json\/wp\/v2\/media?parent=917"}],"wp:term":[{"taxonomy":"product_cat","embeddable":true,"href":"https:\/\/holundarm.hu\/wordpress\/wp-json\/wp\/v2\/product_cat?post=917"},{"taxonomy":"product_tag","embeddable":true,"href":"https:\/\/holundarm.hu\/wordpress\/wp-json\/wp\/v2\/product_tag?post=917"}],"curies":[{"name":"wp","href":"https:\/\/api.w.org\/{rel}","templated":true}]}}